{"id":442,"date":"2019-08-08T03:02:22","date_gmt":"2019-08-08T03:02:22","guid":{"rendered":"http:\/\/localhost\/industris\/?page_id=442"},"modified":"2024-10-09T11:49:27","modified_gmt":"2024-10-09T09:49:27","slug":"a-propos","status":"publish","type":"page","link":"https:\/\/www.mic-engineerings.com\/en\/a-propos\/","title":{"rendered":"About us"},"content":{"rendered":"<div data-elementor-type=\"wp-post\" data-elementor-id=\"442\" class=\"elementor elementor-442\">\n\t\t\t\t\t\t<section class=\"elementor-section elementor-top-section elementor-element elementor-element-4eb1d62 elementor-section-boxed elementor-section-height-default elementor-section-height-default\" data-id=\"4eb1d62\" data-element_type=\"section\">\n\t\t\t\t\t\t<div class=\"elementor-container elementor-column-gap-extended\">\n\t\t\t\t\t<div class=\"elementor-column elementor-col-50 elementor-top-column elementor-element elementor-element-c7cf5c7\" data-id=\"c7cf5c7\" data-element_type=\"column\">\n\t\t\t<div class=\"elementor-widget-wrap elementor-element-populated\">\n\t\t\t\t\t\t<div class=\"elementor-element elementor-element-4ea1332 elementor-widget elementor-widget-text-editor\" data-id=\"4ea1332\" data-element_type=\"widget\" data-widget_type=\"text-editor.default\">\n\t\t\t\t<div class=\"elementor-widget-container\">\n\t\t\t\t\t\t\t<p>Founded in 2000, \"Mareka International Company\" is a Technical Assistance firm specializing in oil, gas, energy, and mining, with an integrated service organization that manages and executes projects primarily in the Oil and Gas, Energy, Chemical Industry, and Mining sectors.<br \/>M.I.C ENGINEERING offers high-quality technical assistance, ranging from the supervision of piping, structure, mechanical, electrical, and instrumentation works, to the management of onshore and offshore construction projects. Additionally, we provide services such as cost control, contract management, HSE (Health, Safety, and Environment), QA\/QC, welding, coating, and painting.<\/p>\t\t\t\t\t\t<\/div>\n\t\t\t\t<\/div>\n\t\t\t\t\t<\/div>\n\t\t<\/div>\n\t\t\t\t<div class=\"elementor-column elementor-col-50 elementor-top-column elementor-element elementor-element-2223052\" data-id=\"2223052\" data-element_type=\"column\">\n\t\t\t<div class=\"elementor-widget-wrap elementor-element-populated\">\n\t\t\t\t\t\t<div class=\"elementor-element elementor-element-c044a71 elementor-widget elementor-widget-image\" data-id=\"c044a71\" data-element_type=\"widget\" data-widget_type=\"image.default\">\n\t\t\t\t<div class=\"elementor-widget-container\">\n\t\t\t\t\t\t\t\t\t\t\t\t\t<img fetchpriority=\"high\" decoding=\"async\" width=\"1280\" height=\"960\" src=\"https:\/\/www.mic-engineerings.com\/wp-content\/uploads\/2024\/10\/pikaso_edit-1.jpeg\" class=\"attachment-full size-full wp-image-2348\" alt=\"\" srcset=\"https:\/\/www.mic-engineerings.com\/wp-content\/uploads\/2024\/10\/pikaso_edit-1.jpeg 1280w, https:\/\/www.mic-engineerings.com\/wp-content\/uploads\/2024\/10\/pikaso_edit-1-300x225.jpeg 300w, https:\/\/www.mic-engineerings.com\/wp-content\/uploads\/2024\/10\/pikaso_edit-1-1024x768.jpeg 1024w, https:\/\/www.mic-engineerings.com\/wp-content\/uploads\/2024\/10\/pikaso_edit-1-768x576.jpeg 768w\" sizes=\"(max-width: 1280px) 100vw, 1280px\" \/>\t\t\t\t\t\t\t\t\t\t\t\t\t<\/div>\n\t\t\t\t<\/div>\n\t\t\t\t\t<\/div>\n\t\t<\/div>\n\t\t\t\t\t<\/div>\n\t\t<\/section>\n\t\t\t\t<section class=\"elementor-section elementor-top-section elementor-element elementor-element-2ba0657 elementor-section-boxed elementor-section-height-default elementor-section-height-default\" data-id=\"2ba0657\" data-element_type=\"section\">\n\t\t\t\t\t\t<div class=\"elementor-container elementor-column-gap-extended\">\n\t\t\t\t\t<div class=\"elementor-column elementor-col-33 elementor-top-column elementor-element elementor-element-5df9be7\" data-id=\"5df9be7\" data-element_type=\"column\">\n\t\t\t<div class=\"elementor-widget-wrap\">\n\t\t\t\t\t\t\t<\/div>\n\t\t<\/div>\n\t\t\t\t<div class=\"elementor-column elementor-col-33 elementor-top-column elementor-element elementor-element-0500430\" data-id=\"0500430\" data-element_type=\"column\">\n\t\t\t<div class=\"elementor-widget-wrap\">\n\t\t\t\t\t\t\t<\/div>\n\t\t<\/div>\n\t\t\t\t<div class=\"elementor-column elementor-col-33 elementor-top-column elementor-element elementor-element-928d459\" data-id=\"928d459\" data-element_type=\"column\">\n\t\t\t<div class=\"elementor-widget-wrap\">\n\t\t\t\t\t\t\t<\/div>\n\t\t<\/div>\n\t\t\t\t\t<\/div>\n\t\t<\/section>\n\t\t\t\t<section class=\"elementor-section elementor-top-section elementor-element elementor-element-340e9689 elementor-section-height-min-height elementor-section-full_width elementor-section-items-stretch elementor-section-height-default\" data-id=\"340e9689\" data-element_type=\"section\">\n\t\t\t\t\t\t\t<div class=\"elementor-background-overlay\"><\/div>\n\t\t\t\t\t\t\t<div class=\"elementor-container elementor-column-gap-no\">\n\t\t\t\t\t<div class=\"elementor-column elementor-col-50 elementor-top-column elementor-element elementor-element-68f13cfa\" data-id=\"68f13cfa\" data-element_type=\"column\" data-settings=\"{&quot;background_background&quot;:&quot;classic&quot;}\">\n\t\t\t<div class=\"elementor-widget-wrap elementor-element-populated\">\n\t\t\t\t\t<div class=\"elementor-background-overlay\"><\/div>\n\t\t\t\t\t\t<div class=\"elementor-element elementor-element-6b6c8d8a elementor-shape-circle e-grid-align-left elementor-grid-0 elementor-widget elementor-widget-social-icons\" data-id=\"6b6c8d8a\" data-element_type=\"widget\" data-widget_type=\"social-icons.default\">\n\t\t\t\t<div class=\"elementor-widget-container\">\n\t\t\t\t\t<div class=\"elementor-social-icons-wrapper elementor-grid\">\n\t\t\t\t\t\t\t<span class=\"elementor-grid-item\">\n\t\t\t\t\t<a class=\"elementor-icon elementor-social-icon elementor-social-icon-facebook elementor-animation-grow elementor-repeater-item-6b1735b\" target=\"_blank\">\n\t\t\t\t\t\t<span class=\"elementor-screen-only\">Facebook<\/span>\n\t\t\t\t\t\t\t\t\t\t\t\t\t<i class=\"fa fa-facebook\"><\/i>\n\t\t\t\t\t\t\t\t\t\t\t<\/a>\n\t\t\t\t<\/span>\n\t\t\t\t\t\t\t<span class=\"elementor-grid-item\">\n\t\t\t\t\t<a class=\"elementor-icon elementor-social-icon elementor-social-icon-twitter elementor-animation-grow elementor-repeater-item-ef0dfbf\" target=\"_blank\">\n\t\t\t\t\t\t<span class=\"elementor-screen-only\">Twitter<\/span>\n\t\t\t\t\t\t\t\t\t\t\t\t\t<i class=\"fa fa-twitter\"><\/i>\n\t\t\t\t\t\t\t\t\t\t\t<\/a>\n\t\t\t\t<\/span>\n\t\t\t\t\t\t\t<span class=\"elementor-grid-item\">\n\t\t\t\t\t<a class=\"elementor-icon elementor-social-icon elementor-social-icon-google-plus elementor-animation-grow elementor-repeater-item-45b6557\" target=\"_blank\">\n\t\t\t\t\t\t<span class=\"elementor-screen-only\">Google-plus<\/span>\n\t\t\t\t\t\t\t\t\t\t\t\t\t<i class=\"fa fa-google-plus\"><\/i>\n\t\t\t\t\t\t\t\t\t\t\t<\/a>\n\t\t\t\t<\/span>\n\t\t\t\t\t<\/div>\n\t\t\t\t<\/div>\n\t\t\t\t<\/div>\n\t\t\t\t\t<\/div>\n\t\t<\/div>\n\t\t\t\t<div class=\"elementor-column elementor-col-50 elementor-top-column elementor-element elementor-element-254a3ef2\" data-id=\"254a3ef2\" data-element_type=\"column\" data-settings=\"{&quot;background_background&quot;:&quot;classic&quot;}\">\n\t\t\t<div class=\"elementor-widget-wrap elementor-element-populated\">\n\t\t\t\t\t\t<div class=\"elementor-element elementor-element-530cab07 elementor-widget elementor-widget-heading\" data-id=\"530cab07\" data-element_type=\"widget\" data-widget_type=\"heading.default\">\n\t\t\t\t<div class=\"elementor-widget-container\">\n\t\t\t<h2 class=\"elementor-heading-title elementor-size-default\">Notre Histoire<\/h2>\t\t<\/div>\n\t\t\t\t<\/div>\n\t\t\t\t<div class=\"elementor-element elementor-element-5d81d5b1 e-transform elementor-widget elementor-widget-text-editor\" data-id=\"5d81d5b1\" data-element_type=\"widget\" data-settings=\"{&quot;_transform_translateY_effect&quot;:{&quot;unit&quot;:&quot;px&quot;,&quot;size&quot;:20,&quot;sizes&quot;:[]},&quot;_transform_translateX_effect&quot;:{&quot;unit&quot;:&quot;px&quot;,&quot;size&quot;:&quot;&quot;,&quot;sizes&quot;:[]},&quot;_transform_translateX_effect_tablet&quot;:{&quot;unit&quot;:&quot;px&quot;,&quot;size&quot;:&quot;&quot;,&quot;sizes&quot;:[]},&quot;_transform_translateX_effect_mobile&quot;:{&quot;unit&quot;:&quot;px&quot;,&quot;size&quot;:&quot;&quot;,&quot;sizes&quot;:[]},&quot;_transform_translateY_effect_tablet&quot;:{&quot;unit&quot;:&quot;px&quot;,&quot;size&quot;:&quot;&quot;,&quot;sizes&quot;:[]},&quot;_transform_translateY_effect_mobile&quot;:{&quot;unit&quot;:&quot;px&quot;,&quot;size&quot;:&quot;&quot;,&quot;sizes&quot;:[]}}\" data-widget_type=\"text-editor.default\">\n\t\t\t\t<div class=\"elementor-widget-container\">\n\t\t\t\t\t\t\t<p>MAREKA INTERNATIONAL COMPANY, founded in 2000 in Tunisia, has established itself as a leader in technical assistance in the energy and mining sectors. We have developed recognized expertise in the supervision and management of complex projects, both onshore and offshore, leveraging our know-how in piping, electricity, mechanics, and instrumentation. With nearly 14 years of experience, we support our clients at every stage of their projects, ensuring high standards in HSE, QA\/QC, and cost control.<\/p>\t\t\t\t\t\t<\/div>\n\t\t\t\t<\/div>\n\t\t\t\t<div class=\"elementor-element elementor-element-bac3967 e-transform elementor-widget elementor-widget-heading\" data-id=\"bac3967\" data-element_type=\"widget\" data-settings=\"{&quot;_transform_translateY_effect&quot;:{&quot;unit&quot;:&quot;px&quot;,&quot;size&quot;:20,&quot;sizes&quot;:[]},&quot;_transform_translateX_effect&quot;:{&quot;unit&quot;:&quot;px&quot;,&quot;size&quot;:&quot;&quot;,&quot;sizes&quot;:[]},&quot;_transform_translateX_effect_tablet&quot;:{&quot;unit&quot;:&quot;px&quot;,&quot;size&quot;:&quot;&quot;,&quot;sizes&quot;:[]},&quot;_transform_translateX_effect_mobile&quot;:{&quot;unit&quot;:&quot;px&quot;,&quot;size&quot;:&quot;&quot;,&quot;sizes&quot;:[]},&quot;_transform_translateY_effect_tablet&quot;:{&quot;unit&quot;:&quot;px&quot;,&quot;size&quot;:&quot;&quot;,&quot;sizes&quot;:[]},&quot;_transform_translateY_effect_mobile&quot;:{&quot;unit&quot;:&quot;px&quot;,&quot;size&quot;:&quot;&quot;,&quot;sizes&quot;:[]}}\" data-widget_type=\"heading.default\">\n\t\t\t\t<div class=\"elementor-widget-container\">\n\t\t\t<h2 class=\"elementor-heading-title elementor-size-default\">Our Mission<\/h2>\t\t<\/div>\n\t\t\t\t<\/div>\n\t\t\t\t<div class=\"elementor-element elementor-element-6265e378 e-transform elementor-widget elementor-widget-text-editor\" data-id=\"6265e378\" data-element_type=\"widget\" data-settings=\"{&quot;_transform_translateY_effect&quot;:{&quot;unit&quot;:&quot;px&quot;,&quot;size&quot;:40,&quot;sizes&quot;:[]},&quot;_transform_translateX_effect&quot;:{&quot;unit&quot;:&quot;px&quot;,&quot;size&quot;:&quot;&quot;,&quot;sizes&quot;:[]},&quot;_transform_translateX_effect_tablet&quot;:{&quot;unit&quot;:&quot;px&quot;,&quot;size&quot;:&quot;&quot;,&quot;sizes&quot;:[]},&quot;_transform_translateX_effect_mobile&quot;:{&quot;unit&quot;:&quot;px&quot;,&quot;size&quot;:&quot;&quot;,&quot;sizes&quot;:[]},&quot;_transform_translateY_effect_tablet&quot;:{&quot;unit&quot;:&quot;px&quot;,&quot;size&quot;:&quot;&quot;,&quot;sizes&quot;:[]},&quot;_transform_translateY_effect_mobile&quot;:{&quot;unit&quot;:&quot;px&quot;,&quot;size&quot;:&quot;&quot;,&quot;sizes&quot;:[]}}\" data-widget_type=\"text-editor.default\">\n\t\t\t\t<div class=\"elementor-widget-container\">\n\t\t\t\t\t\t\t<p>Our mission at MAREKA INTERNATIONAL is to provide superior technical assistance to our clients worldwide. We are committed to supporting each project with precision and expertise, ensuring safety, sustainability, and efficiency in all our operations. With a highly skilled team, we address the most complex challenges in the oil, gas, energy, and chemical industries, while adhering to defined timelines and budgets.<\/p>\t\t\t\t\t\t<\/div>\n\t\t\t\t<\/div>\n\t\t\t\t<div class=\"elementor-element elementor-element-1bc506a elementor-widget elementor-widget-spacer\" data-id=\"1bc506a\" data-element_type=\"widget\" data-widget_type=\"spacer.default\">\n\t\t\t\t<div class=\"elementor-widget-container\">\n\t\t\t\t\t<div class=\"elementor-spacer\">\n\t\t\t<div class=\"elementor-spacer-inner\"><\/div>\n\t\t<\/div>\n\t\t\t\t<\/div>\n\t\t\t\t<\/div>\n\t\t\t\t\t<\/div>\n\t\t<\/div>\n\t\t\t\t\t<\/div>\n\t\t<\/section>\n\t\t\t\t<section class=\"elementor-section elementor-top-section elementor-element elementor-element-6d56c72 elementor-hidden-desktop elementor-hidden-tablet elementor-hidden-mobile elementor-section-boxed elementor-section-height-default elementor-section-height-default\" data-id=\"6d56c72\" data-element_type=\"section\">\n\t\t\t\t\t\t<div class=\"elementor-container elementor-column-gap-default\">\n\t\t\t\t\t<div class=\"elementor-column elementor-col-100 elementor-top-column elementor-element elementor-element-1afde1b\" data-id=\"1afde1b\" data-element_type=\"column\">\n\t\t\t<div class=\"elementor-widget-wrap elementor-element-populated\">\n\t\t\t\t\t\t<section class=\"elementor-section elementor-inner-section elementor-element elementor-element-3983c5c elementor-section-content-middle elementor-section-boxed elementor-section-height-default elementor-section-height-default\" data-id=\"3983c5c\" data-element_type=\"section\" data-settings=\"{&quot;background_background&quot;:&quot;classic&quot;}\">\n\t\t\t\t\t\t\t<div class=\"elementor-background-overlay\"><\/div>\n\t\t\t\t\t\t\t<div class=\"elementor-container elementor-column-gap-no\">\n\t\t\t\t\t<div class=\"elementor-column elementor-col-33 elementor-inner-column elementor-element elementor-element-b98c4c1\" data-id=\"b98c4c1\" data-element_type=\"column\">\n\t\t\t<div class=\"elementor-widget-wrap elementor-element-populated\">\n\t\t\t\t\t\t<div class=\"elementor-element elementor-element-5392bba elementor-widget elementor-widget-heading\" data-id=\"5392bba\" data-element_type=\"widget\" data-widget_type=\"heading.default\">\n\t\t\t\t<div class=\"elementor-widget-container\">\n\t\t\t<h4 class=\"elementor-heading-title elementor-size-default\">Recruitment<\/h4>\t\t<\/div>\n\t\t\t\t<\/div>\n\t\t\t\t<div class=\"elementor-element elementor-element-d1b3cc7 elementor-widget elementor-widget-text-editor\" data-id=\"d1b3cc7\" data-element_type=\"widget\" data-widget_type=\"text-editor.default\">\n\t\t\t\t<div class=\"elementor-widget-container\">\n\t\t\t\t\t\t\t<p>We are looking for smart individuals who want to have a positive impact on the world. If that\u2019s you, visit our Careers page or send us a CV at: <span style=\"text-decoration: underline;\"><span style=\"color: #ffd100;\"><a style=\"color: #ffd100; text-decoration: underline;\" href=\"mailto:industris@oceanthemes.net\">industris@oceanthemes.net<\/a><\/span><\/span><\/p>\t\t\t\t\t\t<\/div>\n\t\t\t\t<\/div>\n\t\t\t\t\t<\/div>\n\t\t<\/div>\n\t\t\t\t<div class=\"elementor-column elementor-col-33 elementor-inner-column elementor-element elementor-element-ed5a0ed\" data-id=\"ed5a0ed\" data-element_type=\"column\">\n\t\t\t<div class=\"elementor-widget-wrap\">\n\t\t\t\t\t\t\t<\/div>\n\t\t<\/div>\n\t\t\t\t<div class=\"elementor-column elementor-col-33 elementor-inner-column elementor-element elementor-element-3a7fe99\" data-id=\"3a7fe99\" data-element_type=\"column\">\n\t\t\t<div class=\"elementor-widget-wrap\">\n\t\t\t\t\t\t\t<\/div>\n\t\t<\/div>\n\t\t\t\t\t<\/div>\n\t\t<\/section>\n\t\t\t\t<section class=\"elementor-section elementor-inner-section elementor-element elementor-element-3c75888 elementor-section-full_width elementor-section-height-default elementor-section-height-default\" data-id=\"3c75888\" data-element_type=\"section\">\n\t\t\t\t\t\t<div class=\"elementor-container elementor-column-gap-default\">\n\t\t\t\t\t<div class=\"elementor-column elementor-col-100 elementor-inner-column elementor-element elementor-element-53757d8\" data-id=\"53757d8\" data-element_type=\"column\">\n\t\t\t<div class=\"elementor-widget-wrap\">\n\t\t\t\t\t\t\t<\/div>\n\t\t<\/div>\n\t\t\t\t\t<\/div>\n\t\t<\/section>\n\t\t\t\t\t<\/div>\n\t\t<\/div>\n\t\t\t\t\t<\/div>\n\t\t<\/section>\n\t\t\t\t<section class=\"elementor-section elementor-top-section elementor-element elementor-element-11b72c9a elementor-section-height-min-height elementor-section-content-middle elementor-section-boxed elementor-section-height-default elementor-section-items-middle\" data-id=\"11b72c9a\" data-element_type=\"section\" data-settings=\"{&quot;background_background&quot;:&quot;slideshow&quot;,&quot;background_slideshow_gallery&quot;:[{&quot;id&quot;:2465,&quot;url&quot;:&quot;https:\\\/\\\/www.mic-engineering.com\\\/wp-content\\\/uploads\\\/2024\\\/10\\\/461679106_912842100867069_3151088237416671596_n.jpg&quot;},{&quot;id&quot;:2469,&quot;url&quot;:&quot;https:\\\/\\\/www.mic-engineering.com\\\/wp-content\\\/uploads\\\/2024\\\/10\\\/461600314_912842024200410_3674264929045506006_n.jpg&quot;},{&quot;id&quot;:2471,&quot;url&quot;:&quot;https:\\\/\\\/www.mic-engineering.com\\\/wp-content\\\/uploads\\\/2024\\\/10\\\/461835196_912842037533742_1525959640719061923_n.jpg&quot;},{&quot;id&quot;:2859,&quot;url&quot;:&quot;https:\\\/\\\/www.mic-engineering.com\\\/wp-content\\\/uploads\\\/2024\\\/10\\\/ARRIERE-PLAN-4-1.jpg&quot;},{&quot;id&quot;:2860,&quot;url&quot;:&quot;https:\\\/\\\/www.mic-engineering.com\\\/wp-content\\\/uploads\\\/2024\\\/10\\\/36302_648541145156407_1046309358_n.jpg&quot;},{&quot;id&quot;:2867,&quot;url&quot;:&quot;https:\\\/\\\/www.mic-engineering.com\\\/wp-content\\\/uploads\\\/2024\\\/10\\\/461732744_912817764202836_8397210143133458541_n.jpg&quot;},{&quot;id&quot;:2541,&quot;url&quot;:&quot;https:\\\/\\\/www.mic-engineering.com\\\/wp-content\\\/uploads\\\/2024\\\/10\\\/347270064_637190461765569_4819421545397695139_n.jpg&quot;},{&quot;id&quot;:2880,&quot;url&quot;:&quot;https:\\\/\\\/www.mic-engineering.com\\\/wp-content\\\/uploads\\\/2024\\\/10\\\/PHOTO-2024-10-09-10-39-57.jpg&quot;},{&quot;id&quot;:2883,&quot;url&quot;:&quot;https:\\\/\\\/www.mic-engineering.com\\\/wp-content\\\/uploads\\\/2024\\\/10\\\/PHOTO-2024-10-09-10-42-26.jpg&quot;},{&quot;id&quot;:2892,&quot;url&quot;:&quot;https:\\\/\\\/www.mic-engineering.com\\\/wp-content\\\/uploads\\\/2024\\\/10\\\/22886063_1745547632122414_7150055883308903617_n-1.jpg&quot;},{&quot;id&quot;:2891,&quot;url&quot;:&quot;https:\\\/\\\/www.mic-engineering.com\\\/wp-content\\\/uploads\\\/2024\\\/10\\\/11041921_970362826307569_2979584179981808000_o.jpg&quot;},{&quot;id&quot;:2890,&quot;url&quot;:&quot;https:\\\/\\\/www.mic-engineering.com\\\/wp-content\\\/uploads\\\/2024\\\/10\\\/19693437_1615541605123018_9037118846396655708_o.jpg&quot;},{&quot;id&quot;:2902,&quot;url&quot;:&quot;https:\\\/\\\/www.mic-engineering.com\\\/wp-content\\\/uploads\\\/2024\\\/10\\\/1501311_742470282430159_2144351554_o.jpg&quot;}],&quot;background_slideshow_slide_duration&quot;:900,&quot;background_slideshow_loop&quot;:&quot;yes&quot;,&quot;background_slideshow_slide_transition&quot;:&quot;fade&quot;,&quot;background_slideshow_transition_duration&quot;:500}\">\n\t\t\t\t\t\t\t<div class=\"elementor-background-overlay\"><\/div>\n\t\t\t\t\t\t\t<div class=\"elementor-container elementor-column-gap-no\">\n\t\t\t\t\t<div class=\"elementor-column elementor-col-100 elementor-top-column elementor-element elementor-element-41d4d892\" data-id=\"41d4d892\" data-element_type=\"column\">\n\t\t\t<div class=\"elementor-widget-wrap elementor-element-populated\">\n\t\t\t\t\t\t<div class=\"elementor-element elementor-element-2424293e elementor-invisible elementor-widget elementor-widget-heading\" data-id=\"2424293e\" data-element_type=\"widget\" data-settings=\"{&quot;_animation&quot;:&quot;fadeInUp&quot;}\" data-widget_type=\"heading.default\">\n\t\t\t\t<div class=\"elementor-widget-container\">\n\t\t\t<h4 class=\"elementor-heading-title elementor-size-default\">MAREKA INTERNATIONAL COMPANY<\/h4>\t\t<\/div>\n\t\t\t\t<\/div>\n\t\t\t\t<div class=\"elementor-element elementor-element-929ec09 elementor-invisible elementor-widget elementor-widget-heading\" data-id=\"929ec09\" data-element_type=\"widget\" data-settings=\"{&quot;_animation&quot;:&quot;fadeIn&quot;}\" data-widget_type=\"heading.default\">\n\t\t\t\t<div class=\"elementor-widget-container\">\n\t\t\t<h2 class=\"elementor-heading-title elementor-size-default\">The partner of your success<\/h2>\t\t<\/div>\n\t\t\t\t<\/div>\n\t\t\t\t<div class=\"elementor-element elementor-element-5ad3933b elementor-align-center elementor-invisible elementor-widget elementor-widget-button\" data-id=\"5ad3933b\" data-element_type=\"widget\" data-settings=\"{&quot;_animation&quot;:&quot;bounceInUp&quot;}\" data-widget_type=\"button.default\">\n\t\t\t\t<div class=\"elementor-widget-container\">\n\t\t\t\t\t<div class=\"elementor-button-wrapper\">\n\t\t\t<a class=\"elementor-button elementor-button-link elementor-size-lg\" href=\"tel: 71815635\">\n\t\t\t\t\t\t<span class=\"elementor-button-content-wrapper\">\n\t\t\t\t\t\t\t\t\t<span class=\"elementor-button-text\">Contact Us<\/span>\n\t\t\t\t\t<\/span>\n\t\t\t\t\t<\/a>\n\t\t<\/div>\n\t\t\t\t<\/div>\n\t\t\t\t<\/div>\n\t\t\t\t\t<\/div>\n\t\t<\/div>\n\t\t\t\t\t<\/div>\n\t\t<\/section>\n\t\t\t\t<\/div>","protected":false},"excerpt":{"rendered":"<p>\u00c0 propos Mareka International Company MIC Fond\u00e9e en 2000, \u00abMareka International Company \u00bb est une soci\u00e9t\u00e9 d\u2019assistance Technique en o\u00efl gaz Energy et Mine , dot\u00e9 d&rsquo;une organisation de services int\u00e9gr\u00e9e, qui g\u00e8re et ex\u00e9cute des projets principalement dans les secteurs du P\u00e9trole et Gaz, de l\u2019Energie et de l\u2019Industrie Chimique et Mine .M.I.C ENGINEERING [&hellip;]<\/p>","protected":false},"author":1,"featured_media":0,"parent":0,"menu_order":0,"comment_status":"closed","ping_status":"closed","template":"","meta":{"footnotes":""},"class_list":["post-442","page","type-page","status-publish","hentry"],"_links":{"self":[{"href":"https:\/\/www.mic-engineerings.com\/en\/wp-json\/wp\/v2\/pages\/442","targetHints":{"allow":["GET"]}}],"collection":[{"href":"https:\/\/www.mic-engineerings.com\/en\/wp-json\/wp\/v2\/pages"}],"about":[{"href":"https:\/\/www.mic-engineerings.com\/en\/wp-json\/wp\/v2\/types\/page"}],"author":[{"embeddable":true,"href":"https:\/\/www.mic-engineerings.com\/en\/wp-json\/wp\/v2\/users\/1"}],"replies":[{"embeddable":true,"href":"https:\/\/www.mic-engineerings.com\/en\/wp-json\/wp\/v2\/comments?post=442"}],"version-history":[{"count":71,"href":"https:\/\/www.mic-engineerings.com\/en\/wp-json\/wp\/v2\/pages\/442\/revisions"}],"predecessor-version":[{"id":2908,"href":"https:\/\/www.mic-engineerings.com\/en\/wp-json\/wp\/v2\/pages\/442\/revisions\/2908"}],"wp:attachment":[{"href":"https:\/\/www.mic-engineerings.com\/en\/wp-json\/wp\/v2\/media?parent=442"}],"curies":[{"name":"wp","href":"https:\/\/api.w.org\/{rel}","templated":true}]}}